{"id":29,"date":"2025-11-20T07:45:51","date_gmt":"2025-11-20T07:45:51","guid":{"rendered":"https:\/\/wp6.mystudentblog.com\/?page_id=29"},"modified":"2026-03-26T10:46:31","modified_gmt":"2026-03-26T10:46:31","slug":"avant-le-depart","status":"publish","type":"page","link":"https:\/\/wp6.mystudentblog.com\/?page_id=29","title":{"rendered":"AVANT LE D\u00c9PART"},"content":{"rendered":"\t\t<div data-elementor-type=\"wp-page\" data-elementor-id=\"29\" class=\"elementor elementor-29\">\n\t\t\t\t<div class=\"elementor-element elementor-element-684d4c7 e-flex e-con-boxed e-con e-parent\" data-id=\"684d4c7\" data-element_type=\"container\">\n\t\t\t\t\t<div class=\"e-con-inner\">\n\t\t<div class=\"elementor-element elementor-element-41dbf4d e-con-full e-flex e-con e-child\" data-id=\"41dbf4d\" data-element_type=\"container\">\n\t\t\t\t<div class=\"elementor-element elementor-element-20e61b3 elementor-widget elementor-widget-text-editor\" data-id=\"20e61b3\" data-element_type=\"widget\" data-widget_type=\"text-editor.default\">\n\t\t\t\t\t\t\t\t\t<p><span style=\"color: #000000;\">Avant un d\u00e9part en Australie, une bonne pr\u00e9paration est essentielle pour vivre l\u2019exp\u00e9rience <\/span><span style=\"color: #000000;\">sereinement.<\/span> <span style=\"color: #000000;\">Il faut<\/span><span style=\"color: #000000;\">anticiper les d\u00e9marches administratives, organiser son budget, se <\/span><span style=\"color: #000000;\">renseigner sur le pays et pr\u00e9voir les aspects<\/span> <span style=\"color: #000000;\">pratiques du quotidien.<\/span> <span style=\"color: #000000;\">L\u2019Australie est une destination lointaine avec des r\u00e8gles, un climat et un mode de vie<\/span><span style=\"color: #000000;\">diff\u00e9rents ; prendre <\/span><span style=\"color: #000000;\">le temps de bien<\/span> <span style=\"color: #000000;\">se pr\u00e9parer permet d\u2019\u00e9viter les mauvaises surprises et de profiter<\/span> <span style=\"color: #000000;\">pleinement du voyage d\u00e8s l\u2019arriv\u00e9e.<\/span><\/p><p>\u00a0<\/p><div>\u00a0<\/div><div>\u00a0<\/div><div>\u00a0<\/div><div><span style=\"color: #000000;\">L\u2019Op\u00e9ra de Sydney est l\u2019un des symboles les plus forts de l\u2019Australie et repr\u00e9sente <\/span><span style=\"color: #000000;\">parfaitement l\u2019identit\u00e9 du pays. \u00c0 travers la<\/span> <span style=\"color: #000000;\">photo que j\u2019ai mise de l\u2019Op\u00e9ra, on peut \u00e9voquer son architecture<\/span> <span style=\"color: #000000;\">unique en forme de voiles, son importance culturelle et <\/span><span style=\"color: #000000;\">l\u2019\u00e9nergie qui l\u2019entoure. Cet exemple permet de<\/span> <span style=\"color: #000000;\">d\u00e9crire l\u2019ambiance australienne : un<\/span> <span style=\"color: #000000;\">m\u00e9lange de modernit\u00e9, de cr\u00e9ativit\u00e9 et de dynamisme. Utiliser ce <\/span><span style=\"color: #000000;\">type de monument dans le blog l\u2019anime davantage et donne envie au lecteur de voyager, d\u2019explorer et de d\u00e9couvrir ce que l\u2019Australie a \u00e0 offrir.<\/span><\/div>\t\t\t\t\t\t\t\t<\/div>\n\t\t\t\t<\/div>\n\t\t<div class=\"elementor-element elementor-element-19121d4 e-con-full e-flex e-con e-child\" data-id=\"19121d4\" data-element_type=\"container\">\n\t\t<div class=\"elementor-element elementor-element-4670450 e-con-full e-flex e-con e-child\" data-id=\"4670450\" data-element_type=\"container\">\n\t\t\t\t<div class=\"elementor-element elementor-element-5b45a1e elementor-widget elementor-widget-image\" data-id=\"5b45a1e\" data-element_type=\"widget\" data-widget_type=\"image.default\">\n\t\t\t\t\t\t\t\t\t\t\t\t\t\t\t<img fetchpriority=\"high\" decoding=\"async\" width=\"540\" height=\"312\" src=\"https:\/\/wp6.mystudentblog.com\/wp-content\/uploads\/2025\/12\/opera.jpg\" class=\"attachment-large size-large wp-image-51\" alt=\"\" srcset=\"https:\/\/wp6.mystudentblog.com\/wp-content\/uploads\/2025\/12\/opera.jpg 540w, https:\/\/wp6.mystudentblog.com\/wp-content\/uploads\/2025\/12\/opera-300x173.jpg 300w\" sizes=\"(max-width: 540px) 100vw, 540px\" \/>\t\t\t\t\t\t\t\t\t\t\t\t\t\t\t<\/div>\n\t\t\t\t<\/div>\n\t\t<div class=\"elementor-element elementor-element-929f6e1 e-con-full e-flex e-con e-child\" data-id=\"929f6e1\" data-element_type=\"container\">\n\t\t\t\t<div class=\"elementor-element elementor-element-bb09ff2 elementor-widget elementor-widget-google_maps\" data-id=\"bb09ff2\" data-element_type=\"widget\" data-widget_type=\"google_maps.default\">\n\t\t\t\t\t\t\t<div class=\"elementor-custom-embed\">\n\t\t\t<iframe loading=\"lazy\"\n\t\t\t\t\tsrc=\"https:\/\/maps.google.com\/maps?q=op%C3%A9ra%20de%20sydney&#038;t=m&#038;z=9&#038;output=embed&#038;iwloc=near\"\n\t\t\t\t\ttitle=\"op\u00e9ra de sydney\"\n\t\t\t\t\taria-label=\"op\u00e9ra de sydney\"\n\t\t\t><\/iframe>\n\t\t<\/div>\n\t\t\t\t\t\t<\/div>\n\t\t\t\t<\/div>\n\t\t\t\t<\/div>\n\t\t\t\t\t<\/div>\n\t\t\t\t<\/div>\n\t\t<div class=\"elementor-element elementor-element-6cbbdb09 e-con-full e-flex e-con e-parent\" data-id=\"6cbbdb09\" data-element_type=\"container\" data-settings=\"{&quot;background_background&quot;:&quot;classic&quot;}\">\n\t\t<div class=\"elementor-element elementor-element-b20ce5c e-con-full e-flex e-con e-child\" data-id=\"b20ce5c\" data-element_type=\"container\">\n\t\t\t\t<div class=\"elementor-element elementor-element-791f6718 elementor-widget elementor-widget-heading\" data-id=\"791f6718\" data-element_type=\"widget\" data-widget_type=\"heading.default\">\n\t\t\t\t\t<h3 class=\"elementor-heading-title elementor-size-default\">Les d\u00e9marches administratives<\/h3>\t\t\t\t<\/div>\n\t\t\t\t<div class=\"elementor-element elementor-element-7762a0bb elementor-widget elementor-widget-text-editor\" data-id=\"7762a0bb\" data-element_type=\"widget\" data-widget_type=\"text-editor.default\">\n\t\t\t\t\t\t\t\t\t<p><span style=\"color: #000000;\">Il est indispensable de v\u00e9rifier la validit\u00e9 de son passeport et de demander le visa adapt\u00e9 \u00e0 son projet (tourisme, travail ou \u00e9tudes).<\/span>\u00a0 <span style=\"color: #000000;\">Il est aussi conseill\u00e9 de conserver des copies num\u00e9riques de tous les documents importants.<\/span><\/p>\t\t\t\t\t\t\t\t<\/div>\n\t\t\t\t<\/div>\n\t\t<div class=\"elementor-element elementor-element-52cf17ba e-con-full e-flex e-con e-child\" data-id=\"52cf17ba\" data-element_type=\"container\">\n\t\t\t\t<div class=\"elementor-element elementor-element-7d3975d0 elementor-widget elementor-widget-heading\" data-id=\"7d3975d0\" data-element_type=\"widget\" data-widget_type=\"heading.default\">\n\t\t\t\t\t<h3 class=\"elementor-heading-title elementor-size-default\">la sant\u00e9 et les assurances<\/h3>\t\t\t\t<\/div>\n\t\t\t\t<div class=\"elementor-element elementor-element-7846476d elementor-widget elementor-widget-text-editor\" data-id=\"7846476d\" data-element_type=\"widget\" data-widget_type=\"text-editor.default\">\n\t\t\t\t\t\t\t\t\t<p><span style=\"color: #000000;\">Avant de partir, un bilan m\u00e9dical et les vaccins recommand\u00e9s peuvent \u00eatre n\u00e9cessaires. Souscrire une assurance sant\u00e9 internationale est essentiel, car les soins en Australie peuvent \u00eatre co\u00fbteux.<\/span><\/p>\t\t\t\t\t\t\t\t<\/div>\n\t\t\t\t<\/div>\n\t\t<div class=\"elementor-element elementor-element-3813cd49 e-con-full e-flex e-con e-child\" data-id=\"3813cd49\" data-element_type=\"container\">\n\t\t\t\t<div class=\"elementor-element elementor-element-26450997 elementor-widget elementor-widget-heading\" data-id=\"26450997\" data-element_type=\"widget\" data-widget_type=\"heading.default\">\n\t\t\t\t\t<h3 class=\"elementor-heading-title elementor-size-default\">le budget et les moyens de paiement<\/h3>\t\t\t\t<\/div>\n\t\t\t\t<div class=\"elementor-element elementor-element-4194743f elementor-widget elementor-widget-text-editor\" data-id=\"4194743f\" data-element_type=\"widget\" data-widget_type=\"text-editor.default\">\n\t\t\t\t\t\t\t\t\t<p><span style=\"color: #000000;\">Il faut pr\u00e9voir un budget suffisant pour les premi\u00e8res semaines, incluant logement, nourriture et transports.<\/span> <span style=\"color: #000000;\">Informer sa banque et se renseigner sur les cartes utilisables \u00e0 l\u2019\u00e9tranger \u00e9vite les blocages.<\/span><\/p>\t\t\t\t\t\t\t\t<\/div>\n\t\t\t\t<\/div>\n\t\t\t\t<\/div>\n\t\t<div class=\"elementor-element elementor-element-502e2cd e-con-full e-flex e-con e-parent\" data-id=\"502e2cd\" data-element_type=\"container\" data-settings=\"{&quot;background_background&quot;:&quot;classic&quot;}\">\n\t\t<div class=\"elementor-element elementor-element-ec05572 e-con-full e-flex e-con e-child\" data-id=\"ec05572\" data-element_type=\"container\">\n\t\t\t\t<div class=\"elementor-element elementor-element-17b7131 elementor-widget elementor-widget-heading\" data-id=\"17b7131\" data-element_type=\"widget\" data-widget_type=\"heading.default\">\n\t\t\t\t\t<h3 class=\"elementor-heading-title elementor-size-default\">le logement et les premi\u00e8res nuits sur place<\/h3>\t\t\t\t<\/div>\n\t\t\t\t<div class=\"elementor-element elementor-element-43b056f elementor-widget elementor-widget-text-editor\" data-id=\"43b056f\" data-element_type=\"widget\" data-widget_type=\"text-editor.default\">\n\t\t\t\t\t\t\t\t\t<p><span style=\"color: #000000;\">R\u00e9server un h\u00e9bergement temporaire permet d\u2019arriver en toute tranquillit\u00e9. Cela laisse le temps de chercher un logement plus durable une fois sur place.<\/span><\/p>\t\t\t\t\t\t\t\t<\/div>\n\t\t\t\t<\/div>\n\t\t<div class=\"elementor-element elementor-element-9737b15 e-con-full e-flex e-con e-child\" data-id=\"9737b15\" data-element_type=\"container\">\n\t\t\t\t<div class=\"elementor-element elementor-element-d54b00c elementor-widget elementor-widget-heading\" data-id=\"d54b00c\" data-element_type=\"widget\" data-widget_type=\"heading.default\">\n\t\t\t\t\t<h3 class=\"elementor-heading-title elementor-size-default\">le travail et les \u00e9tudes en australie<\/h3>\t\t\t\t<\/div>\n\t\t\t\t<div class=\"elementor-element elementor-element-9229e8e elementor-widget elementor-widget-text-editor\" data-id=\"9229e8e\" data-element_type=\"widget\" data-widget_type=\"text-editor.default\">\n\t\t\t\t\t\t\t\t\t<p><span style=\"color: #000000;\">Il est important de se renseigner sur les conditions de travail, le salaire minimum et les droits des travailleurs. Pour les \u00e9tudes, v\u00e9rifier les inscriptions et la<\/span> <span style=\"color: #000000;\">reconnaissance des dipl\u00f4mes est essentiel.<\/span><\/p>\t\t\t\t\t\t\t\t<\/div>\n\t\t\t\t<\/div>\n\t\t<div class=\"elementor-element elementor-element-53e85c7 e-con-full e-flex e-con e-child\" data-id=\"53e85c7\" data-element_type=\"container\">\n\t\t\t\t<div class=\"elementor-element elementor-element-eec6be3 elementor-widget elementor-widget-heading\" data-id=\"eec6be3\" data-element_type=\"widget\" data-widget_type=\"heading.default\">\n\t\t\t\t\t<h3 class=\"elementor-heading-title elementor-size-default\">la culture le climat et l'adaptation<\/h3>\t\t\t\t<\/div>\n\t\t\t\t<div class=\"elementor-element elementor-element-5fe21bc elementor-widget elementor-widget-text-editor\" data-id=\"5fe21bc\" data-element_type=\"widget\" data-widget_type=\"text-editor.default\">\n\t\t\t\t\t\t\t\t\t<p><span style=\"color: #000000;\">Se renseigner sur la culture australienne facilite l\u2019int\u00e9gration et \u00e9vite les malentendus. Le climat varie selon les r\u00e9gions, il est donc important de s\u2019y pr\u00e9parer.<\/span><\/p>\t\t\t\t\t\t\t\t<\/div>\n\t\t\t\t<\/div>\n\t\t\t\t<\/div>\n\t\t<div class=\"elementor-element elementor-element-fec8907 e-flex e-con-boxed e-con e-parent\" data-id=\"fec8907\" data-element_type=\"container\">\n\t\t\t\t\t<div class=\"e-con-inner\">\n\t\t\t\t<div class=\"elementor-element elementor-element-f3d51c8 elementor-widget elementor-widget-heading\" data-id=\"f3d51c8\" data-element_type=\"widget\" data-widget_type=\"heading.default\">\n\t\t\t\t\t<h2 class=\"elementor-heading-title elementor-size-default\">LES BAGAGES ET QUOI EMPORTER<\/h2>\t\t\t\t<\/div>\n\t\t\t\t\t<\/div>\n\t\t\t\t<\/div>\n\t\t<div class=\"elementor-element elementor-element-87618d8 e-flex e-con-boxed e-con e-parent\" data-id=\"87618d8\" data-element_type=\"container\">\n\t\t\t\t\t<div class=\"e-con-inner\">\n\t\t\t\t<div class=\"elementor-element elementor-element-6a68913 elementor-widget elementor-widget-text-editor\" data-id=\"6a68913\" data-element_type=\"widget\" data-widget_type=\"text-editor.default\">\n\t\t\t\t\t\t\t\t\t<p><span style=\"color: #000000;\">Les bagages doivent \u00eatre adapt\u00e9s au climat australien et \u00e0 la dur\u00e9e du s\u00e9jour. Il est conseill\u00e9 de voyager l\u00e9ger tout en emportant l\u2019essentiel.<\/span><\/p>\t\t\t\t\t\t\t\t<\/div>\n\t\t\t\t\t<\/div>\n\t\t\t\t<\/div>\n\t\t\t\t<\/div>\n\t\t","protected":false},"excerpt":{"rendered":"<p>Avant un d\u00e9part en Australie, une bonne pr\u00e9paration est essentielle pour vivre l\u2019exp\u00e9rience sereinement. Il fautanticiper les d\u00e9marches administratives, organiser [&hellip;]<\/p>\n","protected":false},"author":2,"featured_media":0,"parent":0,"menu_order":0,"comment_status":"closed","ping_status":"closed","template":"","meta":{"site-sidebar-layout":"no-sidebar","site-content-layout":"","ast-site-content-layout":"full-width-container","site-content-style":"default","site-sidebar-style":"default","ast-global-header-display":"","ast-banner-title-visibility":"","ast-main-header-display":"","ast-hfb-above-header-display":"","ast-hfb-below-header-display":"","ast-hfb-mobile-header-display":"","site-post-title":"disabled","ast-breadcrumbs-content":"","ast-featured-img":"disabled","footer-sml-layout":"","theme-transparent-header-meta":"","adv-header-id-meta":"","stick-header-meta":"","header-above-stick-meta":"","header-main-stick-meta":"","header-below-stick-meta":"","astra-migrate-meta-layouts":"default","ast-page-background-enabled":"default","ast-page-background-meta":{"desktop":{"background-color":"var(--ast-global-color-5)","background-image":"","background-repeat":"repeat","background-position":"center center","background-size":"auto","background-attachment":"scroll","background-type":"","background-media":"","overlay-type":"","overlay-color":"","overlay-opacity":"","overlay-gradient":""},"tablet":{"background-color":"","background-image":"","background-repeat":"repeat","background-position":"center center","background-size":"auto","background-attachment":"scroll","background-type":"","background-media":"","overlay-type":"","overlay-color":"","overlay-opacity":"","overlay-gradient":""},"mobile":{"background-color":"","background-image":"","background-repeat":"repeat","background-position":"center center","background-size":"auto","background-attachment":"scroll","background-type":"","background-media":"","overlay-type":"","overlay-color":"","overlay-opacity":"","overlay-gradient":""}},"ast-content-background-meta":{"desktop":{"background-color":"var(--ast-global-color-4)","background-image":"","background-repeat":"repeat","background-position":"center center","background-size":"auto","background-attachment":"scroll","background-type":"","background-media":"","overlay-type":"","overlay-color":"","overlay-opacity":"","overlay-gradient":""},"tablet":{"background-color":"var(--ast-global-color-4)","background-image":"","background-repeat":"repeat","background-position":"center center","background-size":"auto","background-attachment":"scroll","background-type":"","background-media":"","overlay-type":"","overlay-color":"","overlay-opacity":"","overlay-gradient":""},"mobile":{"background-color":"var(--ast-global-color-4)","background-image":"","background-repeat":"repeat","background-position":"center center","background-size":"auto","background-attachment":"scroll","background-type":"","background-media":"","overlay-type":"","overlay-color":"","overlay-opacity":"","overlay-gradient":""}},"footnotes":""},"class_list":["post-29","page","type-page","status-publish","hentry"],"_links":{"self":[{"href":"https:\/\/wp6.mystudentblog.com\/index.php?rest_route=\/wp\/v2\/pages\/29","targetHints":{"allow":["GET"]}}],"collection":[{"href":"https:\/\/wp6.mystudentblog.com\/index.php?rest_route=\/wp\/v2\/pages"}],"about":[{"href":"https:\/\/wp6.mystudentblog.com\/index.php?rest_route=\/wp\/v2\/types\/page"}],"author":[{"embeddable":true,"href":"https:\/\/wp6.mystudentblog.com\/index.php?rest_route=\/wp\/v2\/users\/2"}],"replies":[{"embeddable":true,"href":"https:\/\/wp6.mystudentblog.com\/index.php?rest_route=%2Fwp%2Fv2%2Fcomments&post=29"}],"version-history":[{"count":20,"href":"https:\/\/wp6.mystudentblog.com\/index.php?rest_route=\/wp\/v2\/pages\/29\/revisions"}],"predecessor-version":[{"id":149,"href":"https:\/\/wp6.mystudentblog.com\/index.php?rest_route=\/wp\/v2\/pages\/29\/revisions\/149"}],"wp:attachment":[{"href":"https:\/\/wp6.mystudentblog.com\/index.php?rest_route=%2Fwp%2Fv2%2Fmedia&parent=29"}],"curies":[{"name":"wp","href":"https:\/\/api.w.org\/{rel}","templated":true}]}}