{"id":6,"date":"2025-11-13T09:51:25","date_gmt":"2025-11-13T09:51:25","guid":{"rendered":"https:\/\/wp6.mystudentblog.com\/?page_id=6"},"modified":"2026-01-15T09:41:14","modified_gmt":"2026-01-15T09:41:14","slug":"accueil","status":"publish","type":"page","link":"https:\/\/wp6.mystudentblog.com\/","title":{"rendered":"Accueil"},"content":{"rendered":"\t\t<div data-elementor-type=\"wp-page\" data-elementor-id=\"6\" class=\"elementor elementor-6\">\n\t\t\t\t<div class=\"elementor-element elementor-element-08af2cf e-flex e-con-boxed e-con e-parent\" data-id=\"08af2cf\" data-element_type=\"container\">\n\t\t\t\t\t<div class=\"e-con-inner\">\n\t\t<div class=\"elementor-element elementor-element-824693a e-con-full e-flex e-con e-child\" data-id=\"824693a\" data-element_type=\"container\">\n\t\t\t\t<div class=\"elementor-element elementor-element-9834301 elementor-widget elementor-widget-image\" data-id=\"9834301\" data-element_type=\"widget\" data-widget_type=\"image.default\">\n\t\t\t\t\t\t\t\t\t\t\t\t\t\t\t<img fetchpriority=\"high\" decoding=\"async\" width=\"299\" height=\"168\" src=\"https:\/\/wp6.mystudentblog.com\/wp-content\/uploads\/2025\/11\/australie-1.jpg\" class=\"attachment-large size-large wp-image-42\" alt=\"\" \/>\t\t\t\t\t\t\t\t\t\t\t\t\t\t\t<\/div>\n\t\t\t\t<\/div>\n\t\t<div class=\"elementor-element elementor-element-00d2610 e-con-full e-flex e-con e-child\" data-id=\"00d2610\" data-element_type=\"container\">\n\t\t\t\t<div class=\"elementor-element elementor-element-4a8c90d elementor-widget elementor-widget-heading\" data-id=\"4a8c90d\" data-element_type=\"widget\" data-widget_type=\"heading.default\">\n\t\t\t\t\t<h2 class=\"elementor-heading-title elementor-size-default\">Vivez votre r\u00eave \u00e0 l'autre bout du monde ! <br><br>Terre de contrastes et de libert\u00e9, l\u2019Australie vous invite \u00e0 explorer ses paysages immenses, ses villes vibrantes et son art de vivre unique, pour une exp\u00e9rience qui marque une vie.<\/h2>\t\t\t\t<\/div>\n\t\t\t\t<\/div>\n\t\t\t\t\t<\/div>\n\t\t\t\t<\/div>\n\t\t<div class=\"elementor-element elementor-element-113a7db e-con-full e-flex e-con e-parent\" data-id=\"113a7db\" data-element_type=\"container\">\n\t\t\t\t<div class=\"elementor-element elementor-element-60637e3 elementor-widget elementor-widget-text-editor\" data-id=\"60637e3\" data-element_type=\"widget\" data-widget_type=\"text-editor.default\">\n\t\t\t\t\t\t\t\t\t<p>Bienvenue sur ce blog de voyage en Australie, pens\u00e9 sp\u00e9cialement pour les jeunes Fran\u00e7ais qui r\u00eavent de partir \u00e0 l\u2019aventure \u00e0 l\u2019autre bout du monde. Ici, on partage des conseils simples, concrets et honn\u00eates pour pr\u00e9parer votre d\u00e9part, comprendre la vie sur place et profiter au maximum de cette exp\u00e9rience unique.<\/p><p>Vous y trouverez des astuces pour s\u2019installer en douceur, d\u00e9couvrir les meilleures villes o\u00f9 vivre, comprendre le fonctionnement du Working Holiday Visa, trouver un job, se d\u00e9placer, organiser ses road trips, et rep\u00e9rer les endroits incontournables \u00e0 ne pas manquer.<\/p><p>Le blog met aussi en avant des retours d\u2019exp\u00e9rience, des bons plans, des infos pratiques et tous ces petits d\u00e9tails qui facilitent vraiment la vie quand on d\u00e9barque en Australie pour la premi\u00e8re fois.<\/p><p>L\u2019objectif est clair : vous aider \u00e0 vivre une aventure enrichissante, fun, et \u00e0 votre image, tout en \u00e9vitant les gal\u00e8res inutiles. Que vous partiez pour travailler, voyager ou les deux, vous \u00eates au bon endroit pour pr\u00e9parer votre s\u00e9jour avec s\u00e9r\u00e9nit\u00e9.<\/p><p>Bienvenue dans l\u2019aventure australienne !<\/p>\t\t\t\t\t\t\t\t<\/div>\n\t\t\t\t<\/div>\n\t\t<div class=\"elementor-element elementor-element-4739d93 e-flex e-con-boxed e-con e-parent\" data-id=\"4739d93\" data-element_type=\"container\">\n\t\t\t\t\t<div class=\"e-con-inner\">\n\t\t<div class=\"elementor-element elementor-element-96a746d e-con-full e-flex e-con e-child\" data-id=\"96a746d\" data-element_type=\"container\">\n\t\t\t\t<div class=\"elementor-element elementor-element-7763111 elementor-widget elementor-widget-image\" data-id=\"7763111\" data-element_type=\"widget\" data-widget_type=\"image.default\">\n\t\t\t\t\t\t\t\t\t\t\t\t\t\t\t<img decoding=\"async\" width=\"299\" height=\"168\" src=\"https:\/\/wp6.mystudentblog.com\/wp-content\/uploads\/2025\/11\/australie-2.jpg\" class=\"attachment-large size-large wp-image-43\" alt=\"\" \/>\t\t\t\t\t\t\t\t\t\t\t\t\t\t\t<\/div>\n\t\t\t\t<\/div>\n\t\t<div class=\"elementor-element elementor-element-f1f9ae5 e-con-full e-flex e-con e-child\" data-id=\"f1f9ae5\" data-element_type=\"container\">\n\t\t\t\t<div class=\"elementor-element elementor-element-119806a elementor-widget elementor-widget-image\" data-id=\"119806a\" data-element_type=\"widget\" data-widget_type=\"image.default\">\n\t\t\t\t\t\t\t\t\t\t\t\t\t\t\t<img decoding=\"async\" width=\"290\" height=\"174\" src=\"https:\/\/wp6.mystudentblog.com\/wp-content\/uploads\/2025\/11\/australie-3.jpg\" class=\"attachment-large size-large wp-image-44\" alt=\"\" \/>\t\t\t\t\t\t\t\t\t\t\t\t\t\t\t<\/div>\n\t\t\t\t<\/div>\n\t\t\t\t\t<\/div>\n\t\t\t\t<\/div>\n\t\t\t\t<\/div>\n\t\t","protected":false},"excerpt":{"rendered":"<p>Vivez votre r\u00eave \u00e0 l&rsquo;autre bout du monde ! Terre de contrastes et de libert\u00e9, l\u2019Australie vous invite \u00e0 explorer [&hellip;]<\/p>\n","protected":false},"author":2,"featured_media":0,"parent":0,"menu_order":0,"comment_status":"closed","ping_status":"closed","template":"","meta":{"site-sidebar-layout":"no-sidebar","site-content-layout":"","ast-site-content-layout":"full-width-container","site-content-style":"default","site-sidebar-style":"default","ast-global-header-display":"","ast-banner-title-visibility":"","ast-main-header-display":"","ast-hfb-above-header-display":"","ast-hfb-below-header-display":"","ast-hfb-mobile-header-display":"","site-post-title":"disabled","ast-breadcrumbs-content":"","ast-featured-img":"disabled","footer-sml-layout":"","theme-transparent-header-meta":"","adv-header-id-meta":"","stick-header-meta":"","header-above-stick-meta":"","header-main-stick-meta":"","header-below-stick-meta":"","astra-migrate-meta-layouts":"default","ast-page-background-enabled":"default","ast-page-background-meta":{"desktop":{"background-color":"var(--ast-global-color-5)","background-image":"","background-repeat":"repeat","background-position":"center center","background-size":"auto","background-attachment":"scroll","background-type":"","background-media":"","overlay-type":"","overlay-color":"","overlay-opacity":"","overlay-gradient":""},"tablet":{"background-color":"","background-image":"","background-repeat":"repeat","background-position":"center center","background-size":"auto","background-attachment":"scroll","background-type":"","background-media":"","overlay-type":"","overlay-color":"","overlay-opacity":"","overlay-gradient":""},"mobile":{"background-color":"","background-image":"","background-repeat":"repeat","background-position":"center center","background-size":"auto","background-attachment":"scroll","background-type":"","background-media":"","overlay-type":"","overlay-color":"","overlay-opacity":"","overlay-gradient":""}},"ast-content-background-meta":{"desktop":{"background-color":"var(--ast-global-color-4)","background-image":"","background-repeat":"repeat","background-position":"center center","background-size":"auto","background-attachment":"scroll","background-type":"","background-media":"","overlay-type":"","overlay-color":"","overlay-opacity":"","overlay-gradient":""},"tablet":{"background-color":"var(--ast-global-color-4)","background-image":"","background-repeat":"repeat","background-position":"center center","background-size":"auto","background-attachment":"scroll","background-type":"","background-media":"","overlay-type":"","overlay-color":"","overlay-opacity":"","overlay-gradient":""},"mobile":{"background-color":"var(--ast-global-color-4)","background-image":"","background-repeat":"repeat","background-position":"center center","background-size":"auto","background-attachment":"scroll","background-type":"","background-media":"","overlay-type":"","overlay-color":"","overlay-opacity":"","overlay-gradient":""}},"footnotes":""},"class_list":["post-6","page","type-page","status-publish","hentry"],"_links":{"self":[{"href":"https:\/\/wp6.mystudentblog.com\/index.php?rest_route=\/wp\/v2\/pages\/6","targetHints":{"allow":["GET"]}}],"collection":[{"href":"https:\/\/wp6.mystudentblog.com\/index.php?rest_route=\/wp\/v2\/pages"}],"about":[{"href":"https:\/\/wp6.mystudentblog.com\/index.php?rest_route=\/wp\/v2\/types\/page"}],"author":[{"embeddable":true,"href":"https:\/\/wp6.mystudentblog.com\/index.php?rest_route=\/wp\/v2\/users\/2"}],"replies":[{"embeddable":true,"href":"https:\/\/wp6.mystudentblog.com\/index.php?rest_route=%2Fwp%2Fv2%2Fcomments&post=6"}],"version-history":[{"count":10,"href":"https:\/\/wp6.mystudentblog.com\/index.php?rest_route=\/wp\/v2\/pages\/6\/revisions"}],"predecessor-version":[{"id":83,"href":"https:\/\/wp6.mystudentblog.com\/index.php?rest_route=\/wp\/v2\/pages\/6\/revisions\/83"}],"wp:attachment":[{"href":"https:\/\/wp6.mystudentblog.com\/index.php?rest_route=%2Fwp%2Fv2%2Fmedia&parent=6"}],"curies":[{"name":"wp","href":"https:\/\/api.w.org\/{rel}","templated":true}]}}